{"id":6619,"date":"2024-06-13T12:43:30","date_gmt":"2024-06-13T10:43:30","guid":{"rendered":"https:\/\/portfolio.hfk-bremen.de\/?page_id=6619"},"modified":"2025-01-18T07:54:26","modified_gmt":"2025-01-18T06:54:26","slug":"imprint","status":"publish","type":"page","link":"https:\/\/portfolio.hfk-bremen.de\/de\/imprint\/","title":{"rendered":"IMPRINT"},"content":{"rendered":"<p>PORTFOLIO ONLINE<br \/>\nExperimentelle Publikationsplattform <\/p>\n<p>REDAKTION<br \/>\nBettina Pelz<br \/>\nT +49 421 95951262<br \/>\nE b.pelz@hfk-bremen.de<\/p>\n<p>UNIVERSITY OF THE ARTS Bremen<br \/>\nAm Speicher XI 8<br \/>\n28217 Bremen<\/p>\n<p>T +49 421 9595-1000<br \/>\nW <a href=\u201ehttps:\/\/www.hfk-bremen.de\/en\/\u201c>hfk-bremen.de<\/a><\/p>\n<p>Umsatzsteuer-Identifikationsnummer<br \/>\nDE 114397734<\/p>\n<p>RECHTSFORM<br \/>\nDie Hochschule f\u00fcr K\u00fcnste Bremen ist eine K\u00f6rperschaft des \u00f6ffentlichen Rechts. Sie wird durch die Rektorin Prof. Dr. Mirjam Boggasch gesetzlich vertreten.<\/p>\n<p>Zust\u00e4ndige Aufsichtsbeh\u00f6rde ist die Senatorin f\u00fcr Umwelt, Klima und Wissenschaft, An der Reeperbahn 2, 28217 Bremen.<\/p>\n<p>SOZIALE MEDIEN<br \/>\nDieses Impressum gilt auch f\u00fcr den Facebook-Account und den Instagram-Account des Projekts EXHIBIT.<\/p>\n<p>HAFTUNGSAUSSCHLUSS<br \/>\nDie Redaktion von portfolio.hfk-bremen.de haftet nicht f\u00fcr die Vollst\u00e4ndigkeit oder Richtigkeit der Informationen auf den Seiten von portfolio.hfk-bremen.de und \u00fcbernimmt hierf\u00fcr keine Verantwortung. Die auf portfolio.hfk-bremen.de angebotenen Inhalte und Informationen k\u00f6nnen jederzeit von der Redaktion von portfolio.hfk-bremen.de ge\u00e4ndert, erg\u00e4nzt oder entfernt werden.<\/p>\n<p>Dies gilt bis auf Inhalte Dritter, auf die hier durch Links verwiesen wird. F\u00fcr diese ist allein der jeweilige Anbieter verantwortlich, der die Inhalte bereith\u00e4lt. Die Redaktion von portfolio.hfk-bremen.de hat keinen Einfluss auf externe Angebote und Inhalte. Die im Rahmen unseres Angebots weiterverweisenden externen Angebote wurden vor der Linksetzung gepr\u00fcft, k\u00f6nnen aber nicht st\u00e4ndig auf Ver\u00e4nderungen \u00fcberpr\u00fcft werden, die durch die Anbieter vorgenommen werden. Sie macht sich daher die unter portfolio.hfk-bremen.de weiterverweisenden Inhalte Dritter nicht zu eigen.<\/p>\n","protected":false},"excerpt":{"rendered":"<p>PORTFOLIO ONLINE Experimentelle Publikationsplattform REDAKTION Bettina Pelz T +49 421 95951262 E b.pelz@hfk-bremen.de UNIVERSITY OF THE ARTS Bremen Am Speicher XI 8 28217 Bremen T +49 421 9595-1000 W hfk-bremen.de Umsatzsteuer-Identifikationsnummer DE 114397734 RECHTSFORM Die Hochschule f\u00fcr K\u00fcnste Bremen ist eine K\u00f6rperschaft des \u00f6ffentlichen Rechts. Sie wird durch die Rektorin Prof. Dr. Mirjam Boggasch gesetzlich [&hellip;]<\/p>\n","protected":false},"author":1,"featured_media":0,"parent":0,"menu_order":0,"comment_status":"closed","ping_status":"closed","template":"","meta":{"cybocfi_hide_featured_image":"","footnotes":""},"class_list":["post-6619","page","type-page","status-publish","hentry"],"_links":{"self":[{"href":"https:\/\/portfolio.hfk-bremen.de\/de\/wp-json\/wp\/v2\/pages\/6619","targetHints":{"allow":["GET"]}}],"collection":[{"href":"https:\/\/portfolio.hfk-bremen.de\/de\/wp-json\/wp\/v2\/pages"}],"about":[{"href":"https:\/\/portfolio.hfk-bremen.de\/de\/wp-json\/wp\/v2\/types\/page"}],"author":[{"embeddable":true,"href":"https:\/\/portfolio.hfk-bremen.de\/de\/wp-json\/wp\/v2\/users\/1"}],"replies":[{"embeddable":true,"href":"https:\/\/portfolio.hfk-bremen.de\/de\/wp-json\/wp\/v2\/comments?post=6619"}],"version-history":[{"count":6,"href":"https:\/\/portfolio.hfk-bremen.de\/de\/wp-json\/wp\/v2\/pages\/6619\/revisions"}],"predecessor-version":[{"id":6815,"href":"https:\/\/portfolio.hfk-bremen.de\/de\/wp-json\/wp\/v2\/pages\/6619\/revisions\/6815"}],"wp:attachment":[{"href":"https:\/\/portfolio.hfk-bremen.de\/de\/wp-json\/wp\/v2\/media?parent=6619"}],"curies":[{"name":"wp","href":"https:\/\/api.w.org\/{rel}","templated":true}]}}